{"id":453,"date":"2022-10-31T22:15:27","date_gmt":"2022-10-31T22:15:27","guid":{"rendered":"https:\/\/voltecautomacao.com.br\/?page_id=453"},"modified":"2024-04-25T11:47:21","modified_gmt":"2024-04-25T14:47:21","slug":"fale-conosco","status":"publish","type":"page","link":"https:\/\/voltecautomacao.com.br\/?page_id=453","title":{"rendered":"Fale Conosco"},"content":{"rendered":"\t\t<div data-elementor-type=\"wp-page\" data-elementor-id=\"453\" class=\"elementor elementor-453\" data-elementor-post-type=\"page\">\n\t\t\t\t\t\t<section class=\"elementor-section elementor-top-section elementor-element elementor-element-64305f50 elementor-section-boxed elementor-section-height-default elementor-section-height-default\" data-id=\"64305f50\" data-element_type=\"section\" data-e-type=\"section\" data-settings=\"{&quot;background_background&quot;:&quot;classic&quot;}\">\n\t\t\t\t\t\t<div class=\"elementor-container elementor-column-gap-default\">\n\t\t\t\t\t<div class=\"elementor-column elementor-col-50 elementor-top-column elementor-element elementor-element-6e01f7b3\" data-id=\"6e01f7b3\" data-element_type=\"column\" data-e-type=\"column\">\n\t\t\t<div class=\"elementor-widget-wrap elementor-element-populated\">\n\t\t\t\t\t\t<div class=\"elementor-element elementor-element-953e262 elementor-widget elementor-widget-heading\" data-id=\"953e262\" data-element_type=\"widget\" data-e-type=\"widget\" data-widget_type=\"heading.default\">\n\t\t\t\t\t<h2 class=\"elementor-heading-title elementor-size-default\">Fale Conosco:<\/h2>\t\t\t\t<\/div>\n\t\t\t\t<div class=\"elementor-element elementor-element-34695d8e elementor-widget elementor-widget-text-editor\" data-id=\"34695d8e\" data-element_type=\"widget\" data-e-type=\"widget\" data-widget_type=\"text-editor.default\">\n\t\t\t\t\t\t\t\t\t<div class=\"wpb_text_column wpb_content_element \"><div class=\"wpb_wrapper\"><p>Responderemos em breve.<\/p><\/div><\/div>\t\t\t\t\t\t\t\t<\/div>\n\t\t\t\t<div class=\"elementor-element elementor-element-6234717 elementor-button-align-start elementor-widget elementor-widget-form\" data-id=\"6234717\" data-element_type=\"widget\" data-e-type=\"widget\" data-settings=\"{&quot;step_next_label&quot;:&quot;Next&quot;,&quot;step_previous_label&quot;:&quot;Previous&quot;,&quot;button_width&quot;:&quot;100&quot;,&quot;step_type&quot;:&quot;number_text&quot;,&quot;step_icon_shape&quot;:&quot;circle&quot;}\" data-widget_type=\"form.default\">\n\t\t\t\t\t\t\t<form class=\"elementor-form\" method=\"post\" name=\"New Form\" aria-label=\"New Form\">\n\t\t\t<input type=\"hidden\" name=\"post_id\" value=\"453\"\/>\n\t\t\t<input type=\"hidden\" name=\"form_id\" value=\"6234717\"\/>\n\t\t\t<input type=\"hidden\" name=\"referer_title\" value=\"Fale conosco\" \/>\n\n\t\t\t\t\t\t\t<input type=\"hidden\" name=\"queried_id\" value=\"453\"\/>\n\t\t\t\n\t\t\t<div class=\"elementor-form-fields-wrapper elementor-labels-above\">\n\t\t\t\t\t\t\t\t<div class=\"elementor-field-type-text elementor-field-group elementor-column elementor-field-group-name elementor-col-100\">\n\t\t\t\t\t\t\t\t\t\t\t\t<label for=\"form-field-name\" class=\"elementor-field-label\">\n\t\t\t\t\t\t\t\tNome\t\t\t\t\t\t\t<\/label>\n\t\t\t\t\t\t\t\t\t\t\t\t\t\t<input size=\"1\" type=\"text\" name=\"form_fields[name]\" id=\"form-field-name\" class=\"elementor-field elementor-size-sm  elementor-field-textual\" placeholder=\"Nome Completo\">\n\t\t\t\t\t\t\t\t\t\t\t<\/div>\n\t\t\t\t\t\t\t\t<div class=\"elementor-field-type-email elementor-field-group elementor-column elementor-field-group-email elementor-col-100 elementor-field-required\">\n\t\t\t\t\t\t\t\t\t\t\t\t<label for=\"form-field-email\" class=\"elementor-field-label\">\n\t\t\t\t\t\t\t\tEmail\t\t\t\t\t\t\t<\/label>\n\t\t\t\t\t\t\t\t\t\t\t\t\t\t<input size=\"1\" type=\"email\" name=\"form_fields[email]\" id=\"form-field-email\" class=\"elementor-field elementor-size-sm  elementor-field-textual\" placeholder=\"Email\" required=\"required\">\n\t\t\t\t\t\t\t\t\t\t\t<\/div>\n\t\t\t\t\t\t\t\t<div class=\"elementor-field-type-textarea elementor-field-group elementor-column elementor-field-group-message elementor-col-100\">\n\t\t\t\t\t\t\t\t\t\t\t\t<label for=\"form-field-message\" class=\"elementor-field-label\">\n\t\t\t\t\t\t\t\tMensagem\t\t\t\t\t\t\t<\/label>\n\t\t\t\t\t\t<textarea class=\"elementor-field-textual elementor-field  elementor-size-sm\" name=\"form_fields[message]\" id=\"form-field-message\" rows=\"4\" placeholder=\"Mensagem\"><\/textarea>\t\t\t\t<\/div>\n\t\t\t\t\t\t\t\t<div class=\"elementor-field-type-recaptcha_v3 elementor-field-group elementor-column elementor-field-group-field_e3bb9dd elementor-col-100 recaptcha_v3-inline\">\n\t\t\t\t\t<div class=\"elementor-field\" id=\"form-field-field_e3bb9dd\"><div class=\"elementor-g-recaptcha\" data-sitekey=\"6LcS2usiAAAAAIH64CDeiIzG9bbcJwdiB8qmzqWz\" data-type=\"v3\" data-action=\"Form\" data-badge=\"inline\" data-size=\"invisible\"><\/div><\/div>\t\t\t\t<\/div>\n\t\t\t\t\t\t\t\t<div class=\"elementor-field-group elementor-column elementor-field-type-submit elementor-col-100 e-form__buttons\">\n\t\t\t\t\t<button class=\"elementor-button elementor-size-lg\" type=\"submit\">\n\t\t\t\t\t\t<span class=\"elementor-button-content-wrapper\">\n\t\t\t\t\t\t\t\t\t\t\t\t\t\t\t\t\t\t\t\t\t\t<span class=\"elementor-button-text\">Enviar<\/span>\n\t\t\t\t\t\t\t\t\t\t\t\t\t<\/span>\n\t\t\t\t\t<\/button>\n\t\t\t\t<\/div>\n\t\t\t<\/div>\n\t\t<\/form>\n\t\t\t\t\t\t<\/div>\n\t\t\t\t\t<\/div>\n\t\t<\/div>\n\t\t\t\t<div class=\"elementor-column elementor-col-50 elementor-top-column elementor-element elementor-element-3343ac95\" data-id=\"3343ac95\" data-element_type=\"column\" data-e-type=\"column\">\n\t\t\t<div class=\"elementor-widget-wrap elementor-element-populated\">\n\t\t\t\t\t\t<div class=\"elementor-element elementor-element-54e21fab elementor-widget elementor-widget-heading\" data-id=\"54e21fab\" data-element_type=\"widget\" data-e-type=\"widget\" data-widget_type=\"heading.default\">\n\t\t\t\t\t<h2 class=\"elementor-heading-title elementor-size-default\">Contatos<\/h2>\t\t\t\t<\/div>\n\t\t\t\t<div class=\"elementor-element elementor-element-95beb96 elementor-icon-list--layout-traditional elementor-list-item-link-full_width elementor-widget elementor-widget-icon-list\" data-id=\"95beb96\" data-element_type=\"widget\" data-e-type=\"widget\" data-widget_type=\"icon-list.default\">\n\t\t\t\t\t\t\t<ul class=\"elementor-icon-list-items\">\n\t\t\t\t\t\t\t<li class=\"elementor-icon-list-item\">\n\t\t\t\t\t\t\t\t\t\t\t<span class=\"elementor-icon-list-icon\">\n\t\t\t\t\t\t\t<i aria-hidden=\"true\" class=\"fas fa-phone-alt\"><\/i>\t\t\t\t\t\t<\/span>\n\t\t\t\t\t\t\t\t\t\t<span class=\"elementor-icon-list-text\">+55 22 99957-5883<\/span>\n\t\t\t\t\t\t\t\t\t<\/li>\n\t\t\t\t\t\t\t\t<li class=\"elementor-icon-list-item\">\n\t\t\t\t\t\t\t\t\t\t\t<span class=\"elementor-icon-list-icon\">\n\t\t\t\t\t\t\t<i aria-hidden=\"true\" class=\"fas fa-phone-alt\"><\/i>\t\t\t\t\t\t<\/span>\n\t\t\t\t\t\t\t\t\t\t<span class=\"elementor-icon-list-text\">+55 22 99737-4258<\/span>\n\t\t\t\t\t\t\t\t\t<\/li>\n\t\t\t\t\t\t\t\t<li class=\"elementor-icon-list-item\">\n\t\t\t\t\t\t\t\t\t\t\t<span class=\"elementor-icon-list-icon\">\n\t\t\t\t\t\t\t<i aria-hidden=\"true\" class=\"fas fa-phone-alt\"><\/i>\t\t\t\t\t\t<\/span>\n\t\t\t\t\t\t\t\t\t\t<span class=\"elementor-icon-list-text\">+55 22 3028-9800<\/span>\n\t\t\t\t\t\t\t\t\t<\/li>\n\t\t\t\t\t\t<\/ul>\n\t\t\t\t\t\t<\/div>\n\t\t\t\t<div class=\"elementor-element elementor-element-790a0de8 elementor-widget elementor-widget-text-editor\" data-id=\"790a0de8\" data-element_type=\"widget\" data-e-type=\"widget\" data-widget_type=\"text-editor.default\">\n\t\t\t\t\t\t\t\t\t<p><strong><a href=\"mailto:contato@voltecautomacao.com.br\">contato@voltecautomacao.com.br<\/a><\/strong><\/p>\t\t\t\t\t\t\t\t<\/div>\n\t\t\t\t<div class=\"elementor-element elementor-element-1d4bf619 e-grid-align-left elementor-shape-rounded elementor-grid-0 elementor-widget elementor-widget-social-icons\" data-id=\"1d4bf619\" data-element_type=\"widget\" data-e-type=\"widget\" data-widget_type=\"social-icons.default\">\n\t\t\t\t\t\t\t<div class=\"elementor-social-icons-wrapper elementor-grid\" role=\"list\">\n\t\t\t\t\t\t\t<span class=\"elementor-grid-item\" role=\"listitem\">\n\t\t\t\t\t<a class=\"elementor-icon elementor-social-icon elementor-social-icon-whatsapp elementor-repeater-item-2a46c67\" href=\"https:\/\/api.whatsapp.com\/send\/?phone=5522999575883&#038;text&#038;type=phone_number&#038;app_absent=0\" target=\"_blank\">\n\t\t\t\t\t\t<span class=\"elementor-screen-only\">Whatsapp<\/span>\n\t\t\t\t\t\t<i aria-hidden=\"true\" class=\"fab fa-whatsapp\"><\/i>\t\t\t\t\t<\/a>\n\t\t\t\t<\/span>\n\t\t\t\t\t\t\t<span class=\"elementor-grid-item\" role=\"listitem\">\n\t\t\t\t\t<a class=\"elementor-icon elementor-social-icon elementor-social-icon-facebook elementor-repeater-item-cf438f6\" href=\"https:\/\/www.facebook.com\/voltecbandalarga\" target=\"_blank\">\n\t\t\t\t\t\t<span class=\"elementor-screen-only\">Facebook<\/span>\n\t\t\t\t\t\t<i aria-hidden=\"true\" class=\"fab fa-facebook\"><\/i>\t\t\t\t\t<\/a>\n\t\t\t\t<\/span>\n\t\t\t\t\t\t\t<span class=\"elementor-grid-item\" role=\"listitem\">\n\t\t\t\t\t<a class=\"elementor-icon elementor-social-icon elementor-social-icon-instagram elementor-repeater-item-cb9bc79\" href=\"https:\/\/www.instagram.com\/voltecbandalarga\/\" target=\"_blank\">\n\t\t\t\t\t\t<span class=\"elementor-screen-only\">Instagram<\/span>\n\t\t\t\t\t\t<i aria-hidden=\"true\" class=\"fab fa-instagram\"><\/i>\t\t\t\t\t<\/a>\n\t\t\t\t<\/span>\n\t\t\t\t\t<\/div>\n\t\t\t\t\t\t<\/div>\n\t\t\t\t<div class=\"elementor-element elementor-element-5bd7f01 elementor-widget elementor-widget-heading\" data-id=\"5bd7f01\" data-element_type=\"widget\" data-e-type=\"widget\" data-widget_type=\"heading.default\">\n\t\t\t\t\t<h2 class=\"elementor-heading-title elementor-size-default\">Lojas:<\/h2>\t\t\t\t<\/div>\n\t\t\t\t<div class=\"elementor-element elementor-element-9ac9f10 elementor-list-item-link-inline elementor-align-start elementor-mobile-align-start elementor-icon-list--layout-traditional elementor-widget elementor-widget-icon-list\" data-id=\"9ac9f10\" data-element_type=\"widget\" data-e-type=\"widget\" data-widget_type=\"icon-list.default\">\n\t\t\t\t\t\t\t<ul class=\"elementor-icon-list-items\">\n\t\t\t\t\t\t\t<li class=\"elementor-icon-list-item\">\n\t\t\t\t\t\t\t\t\t\t\t<a href=\"https:\/\/www.google.com\/maps\/place\/R.+L%C3%BAcio+Paes+Soares,+218+-+Barcelos,+S%C3%A3o+Jo%C3%A3o+da+Barra+-+RJ\/@-21.7301781,-41.186859,17z\/data=!3m1!4b1!4m5!3m4!1s0xbe87414a7d759d:0x78ae77c7db6bd243!8m2!3d-21.7301781!4d-41.1846703\">\n\n\t\t\t\t\t\t\t\t\t\t\t\t<span class=\"elementor-icon-list-icon\">\n\t\t\t\t\t\t\t<i aria-hidden=\"true\" class=\"fas fa-map-marker-alt\"><\/i>\t\t\t\t\t\t<\/span>\n\t\t\t\t\t\t\t\t\t\t<span class=\"elementor-icon-list-text\">Rua G. Prudencio Azevedo, Loja 1 Barcelos<\/span>\n\t\t\t\t\t\t\t\t\t\t\t<\/a>\n\t\t\t\t\t\t\t\t\t<\/li>\n\t\t\t\t\t\t\t\t<li class=\"elementor-icon-list-item\">\n\t\t\t\t\t\t\t\t\t\t\t<a href=\"https:\/\/www.google.com\/maps\/dir\/\/Voltec+Internet+Banda+Larga+R.+A+Ac+R+Joao+Irineu+Cruz+-+Ururai+Campos+dos+Goytacazes+-+RJ+28040-685\/@-21.8097512,-41.391723,13z\/data=!4m8!4m7!1m0!1m5!1m1!1s0xbdd4e0d470b255:0x18ca8090a049e2a!2m2!1d-41.391723!2d-21.8097512\" target=\"_blank\">\n\n\t\t\t\t\t\t\t\t\t\t\t\t<span class=\"elementor-icon-list-icon\">\n\t\t\t\t\t\t\t<i aria-hidden=\"true\" class=\"fas fa-map-marker-alt\"><\/i>\t\t\t\t\t\t<\/span>\n\t\t\t\t\t\t\t\t\t\t<span class=\"elementor-icon-list-text\">Rua A, N\u00b0166 Loja 2 - Urura\u00ed<\/span>\n\t\t\t\t\t\t\t\t\t\t\t<\/a>\n\t\t\t\t\t\t\t\t\t<\/li>\n\t\t\t\t\t\t\t\t<li class=\"elementor-icon-list-item\">\n\t\t\t\t\t\t\t\t\t\t\t<a href=\"https:\/\/www.google.com\/maps\/dir\/\/Voltec+Internet+Banda+Larga+R.+A+Ac+R+Joao+Irineu+Cruz+-+Ururai+Campos+dos+Goytacazes+-+RJ+28040-685\/@-21.8097512,-41.391723,13z\/data=!4m8!4m7!1m0!1m5!1m1!1s0xbdd4e0d470b255:0x18ca8090a049e2a!2m2!1d-41.391723!2d-21.8097512\" target=\"_blank\">\n\n\t\t\t\t\t\t\t\t\t\t\t\t<span class=\"elementor-icon-list-icon\">\n\t\t\t\t\t\t\t<i aria-hidden=\"true\" class=\"fas fa-map-marker-alt\"><\/i>\t\t\t\t\t\t<\/span>\n\t\t\t\t\t\t\t\t\t\t<span class=\"elementor-icon-list-text\">Rua Principal, N\u00b0 340 - Ponta da Lama<\/span>\n\t\t\t\t\t\t\t\t\t\t\t<\/a>\n\t\t\t\t\t\t\t\t\t<\/li>\n\t\t\t\t\t\t\t\t<li class=\"elementor-icon-list-item\">\n\t\t\t\t\t\t\t\t\t\t\t<a href=\"https:\/\/goo.gl\/maps\/2R6J9DpK1R3SbAi98\" target=\"_blank\">\n\n\t\t\t\t\t\t\t\t\t\t\t\t<span class=\"elementor-icon-list-icon\">\n\t\t\t\t\t\t\t<i aria-hidden=\"true\" class=\"fas fa-map-marker-alt\"><\/i>\t\t\t\t\t\t<\/span>\n\t\t\t\t\t\t\t\t\t\t<span class=\"elementor-icon-list-text\">Avenida Liberdade, N\u00b004 Loja 2  - Grussa\u00ed <\/span>\n\t\t\t\t\t\t\t\t\t\t\t<\/a>\n\t\t\t\t\t\t\t\t\t<\/li>\n\t\t\t\t\t\t<\/ul>\n\t\t\t\t\t\t<\/div>\n\t\t\t\t\t<\/div>\n\t\t<\/div>\n\t\t\t\t\t<\/div>\n\t\t<\/section>\n\t\t\t\t<section class=\"elementor-section elementor-top-section elementor-element elementor-element-2053e46 elementor-section-full_width elementor-section-height-default elementor-section-height-default\" data-id=\"2053e46\" data-element_type=\"section\" data-e-type=\"section\">\n\t\t\t\t\t\t<div class=\"elementor-container elementor-column-gap-no\">\n\t\t\t\t\t<div class=\"elementor-column elementor-col-100 elementor-top-column elementor-element elementor-element-8a6c98e\" data-id=\"8a6c98e\" data-element_type=\"column\" data-e-type=\"column\">\n\t\t\t<div class=\"elementor-widget-wrap elementor-element-populated\">\n\t\t\t\t\t\t<div class=\"elementor-element elementor-element-1ffa376 elementor-widget elementor-widget-google_maps\" data-id=\"1ffa376\" data-element_type=\"widget\" data-e-type=\"widget\" data-widget_type=\"google_maps.default\">\n\t\t\t\t\t\t\t<div class=\"elementor-custom-embed\">\n\t\t\t<iframe loading=\"lazy\"\n\t\t\t\t\tsrc=\"https:\/\/maps.google.com\/maps?q=voltec&#038;t=m&#038;z=13&#038;output=embed&#038;iwloc=near\"\n\t\t\t\t\ttitle=\"voltec\"\n\t\t\t\t\taria-label=\"voltec\"\n\t\t\t><\/iframe>\n\t\t<\/div>\n\t\t\t\t\t\t<\/div>\n\t\t\t\t\t<\/div>\n\t\t<\/div>\n\t\t\t\t\t<\/div>\n\t\t<\/section>\n\t\t\t\t<\/div>\n\t\t","protected":false},"excerpt":{"rendered":"<p>Fale Conosco: Responderemos em breve. Contatos +55 22 99957-5883 +55 22 99737-4258 +55 22 3028-9800 contato@voltecautomacao.com.br Whatsapp Facebook Instagram Lojas: Rua G. Prudencio Azevedo, Loja 1 Barcelos Rua A, N\u00b0166 Loja 2 &#8211; Urura\u00ed Rua Principal, N\u00b0 340 &#8211; Ponta da Lama Avenida Liberdade, N\u00b004 Loja 2 &#8211; Grussa\u00ed<\/p>\n","protected":false},"author":1,"featured_media":0,"parent":0,"menu_order":0,"comment_status":"closed","ping_status":"closed","template":"","meta":{"footnotes":""},"class_list":["post-453","page","type-page","status-publish","hentry"],"yoast_head":"<!-- This site is optimized with the Yoast SEO plugin v27.2 - https:\/\/yoast.com\/product\/yoast-seo-wordpress\/ -->\n<title>Fale conosco<\/title>\n<meta name=\"description\" content=\"Clique aqui para falar com um de nossos atendentes.\" \/>\n<meta name=\"robots\" content=\"index, follow, max-snippet:-1, max-image-preview:large, max-video-preview:-1\" \/>\n<link rel=\"canonical\" href=\"https:\/\/voltecautomacao.com.br\/?page_id=453\" \/>\n<meta property=\"og:locale\" content=\"pt_BR\" \/>\n<meta property=\"og:type\" content=\"article\" \/>\n<meta property=\"og:title\" content=\"Fale conosco\" \/>\n<meta property=\"og:description\" content=\"Clique aqui para falar com um de nossos atendentes.\" \/>\n<meta property=\"og:url\" content=\"https:\/\/voltecautomacao.com.br\/?page_id=453\" \/>\n<meta property=\"og:site_name\" content=\"Voltec Banda Larga\" \/>\n<meta property=\"article:publisher\" content=\"https:\/\/www.facebook.com\/voltecbandalarga\/\" \/>\n<meta property=\"article:modified_time\" content=\"2024-04-25T14:47:21+00:00\" \/>\n<meta property=\"og:image\" content=\"https:\/\/voltecautomacao.com.br\/wp-content\/uploads\/2024\/04\/cropped-transferir__1_-removebg-preview.png\" \/>\n\t<meta property=\"og:image:width\" content=\"512\" \/>\n\t<meta property=\"og:image:height\" content=\"512\" \/>\n\t<meta property=\"og:image:type\" content=\"image\/png\" \/>\n<meta name=\"twitter:card\" content=\"summary_large_image\" \/>\n<meta name=\"twitter:label1\" content=\"Est. tempo de leitura\" \/>\n\t<meta name=\"twitter:data1\" content=\"1 minuto\" \/>\n<script type=\"application\/ld+json\" class=\"yoast-schema-graph\">{\"@context\":\"https:\/\/schema.org\",\"@graph\":[{\"@type\":\"WebPage\",\"@id\":\"https:\/\/voltecautomacao.com.br\/?page_id=453\",\"url\":\"https:\/\/voltecautomacao.com.br\/?page_id=453\",\"name\":\"Fale conosco\",\"isPartOf\":{\"@id\":\"https:\/\/voltecautomacao.com.br\/#website\"},\"datePublished\":\"2022-10-31T22:15:27+00:00\",\"dateModified\":\"2024-04-25T14:47:21+00:00\",\"description\":\"Clique aqui para falar com um de nossos atendentes.\",\"breadcrumb\":{\"@id\":\"https:\/\/voltecautomacao.com.br\/?page_id=453#breadcrumb\"},\"inLanguage\":\"pt-BR\",\"potentialAction\":[{\"@type\":\"ReadAction\",\"target\":[\"https:\/\/voltecautomacao.com.br\/?page_id=453\"]}]},{\"@type\":\"BreadcrumbList\",\"@id\":\"https:\/\/voltecautomacao.com.br\/?page_id=453#breadcrumb\",\"itemListElement\":[{\"@type\":\"ListItem\",\"position\":1,\"name\":\"Home\",\"item\":\"https:\/\/voltecautomacao.com.br\/\"},{\"@type\":\"ListItem\",\"position\":2,\"name\":\"Fale Conosco\"}]},{\"@type\":\"WebSite\",\"@id\":\"https:\/\/voltecautomacao.com.br\/#website\",\"url\":\"https:\/\/voltecautomacao.com.br\/\",\"name\":\"Voltec Banda Larga\",\"description\":\"Internet banda larga residencial e empresarial 100% fibra \u00f3ptica em Campos dos Goytacazes e S\u00e3o Jo\u00e3o da Barra-RJ\",\"publisher\":{\"@id\":\"https:\/\/voltecautomacao.com.br\/#organization\"},\"alternateName\":\"Voltec\",\"potentialAction\":[{\"@type\":\"SearchAction\",\"target\":{\"@type\":\"EntryPoint\",\"urlTemplate\":\"https:\/\/voltecautomacao.com.br\/?s={search_term_string}\"},\"query-input\":{\"@type\":\"PropertyValueSpecification\",\"valueRequired\":true,\"valueName\":\"search_term_string\"}}],\"inLanguage\":\"pt-BR\"},{\"@type\":\"Organization\",\"@id\":\"https:\/\/voltecautomacao.com.br\/#organization\",\"name\":\"Voltec Empreendimentos Voltec Servi\u00e7os de Automa\u00e7\u00e3o Telecomunica\u00e7\u00e3o e Empreendimentos LTDA\",\"alternateName\":\"Voltec Automa\u00e7\u00e3o\",\"url\":\"https:\/\/voltecautomacao.com.br\/\",\"logo\":{\"@type\":\"ImageObject\",\"inLanguage\":\"pt-BR\",\"@id\":\"https:\/\/voltecautomacao.com.br\/#\/schema\/logo\/image\/\",\"url\":\"https:\/\/voltecautomacao.com.br\/wp-content\/uploads\/2022\/10\/Logo-1.png\",\"contentUrl\":\"https:\/\/voltecautomacao.com.br\/wp-content\/uploads\/2022\/10\/Logo-1.png\",\"width\":457,\"height\":172,\"caption\":\"Voltec Empreendimentos Voltec Servi\u00e7os de Automa\u00e7\u00e3o Telecomunica\u00e7\u00e3o e Empreendimentos LTDA\"},\"image\":{\"@id\":\"https:\/\/voltecautomacao.com.br\/#\/schema\/logo\/image\/\"},\"sameAs\":[\"https:\/\/www.facebook.com\/voltecbandalarga\/\",\"https:\/\/www.instagram.com\/voltecbandalarga\/\"]}]}<\/script>\n<!-- \/ Yoast SEO plugin. -->","yoast_head_json":{"title":"Fale conosco","description":"Clique aqui para falar com um de nossos atendentes.","robots":{"index":"index","follow":"follow","max-snippet":"max-snippet:-1","max-image-preview":"max-image-preview:large","max-video-preview":"max-video-preview:-1"},"canonical":"https:\/\/voltecautomacao.com.br\/?page_id=453","og_locale":"pt_BR","og_type":"article","og_title":"Fale conosco","og_description":"Clique aqui para falar com um de nossos atendentes.","og_url":"https:\/\/voltecautomacao.com.br\/?page_id=453","og_site_name":"Voltec Banda Larga","article_publisher":"https:\/\/www.facebook.com\/voltecbandalarga\/","article_modified_time":"2024-04-25T14:47:21+00:00","og_image":[{"width":512,"height":512,"url":"https:\/\/voltecautomacao.com.br\/wp-content\/uploads\/2024\/04\/cropped-transferir__1_-removebg-preview.png","type":"image\/png"}],"twitter_card":"summary_large_image","twitter_misc":{"Est. tempo de leitura":"1 minuto"},"schema":{"@context":"https:\/\/schema.org","@graph":[{"@type":"WebPage","@id":"https:\/\/voltecautomacao.com.br\/?page_id=453","url":"https:\/\/voltecautomacao.com.br\/?page_id=453","name":"Fale conosco","isPartOf":{"@id":"https:\/\/voltecautomacao.com.br\/#website"},"datePublished":"2022-10-31T22:15:27+00:00","dateModified":"2024-04-25T14:47:21+00:00","description":"Clique aqui para falar com um de nossos atendentes.","breadcrumb":{"@id":"https:\/\/voltecautomacao.com.br\/?page_id=453#breadcrumb"},"inLanguage":"pt-BR","potentialAction":[{"@type":"ReadAction","target":["https:\/\/voltecautomacao.com.br\/?page_id=453"]}]},{"@type":"BreadcrumbList","@id":"https:\/\/voltecautomacao.com.br\/?page_id=453#breadcrumb","itemListElement":[{"@type":"ListItem","position":1,"name":"Home","item":"https:\/\/voltecautomacao.com.br\/"},{"@type":"ListItem","position":2,"name":"Fale Conosco"}]},{"@type":"WebSite","@id":"https:\/\/voltecautomacao.com.br\/#website","url":"https:\/\/voltecautomacao.com.br\/","name":"Voltec Banda Larga","description":"Internet banda larga residencial e empresarial 100% fibra \u00f3ptica em Campos dos Goytacazes e S\u00e3o Jo\u00e3o da Barra-RJ","publisher":{"@id":"https:\/\/voltecautomacao.com.br\/#organization"},"alternateName":"Voltec","potentialAction":[{"@type":"SearchAction","target":{"@type":"EntryPoint","urlTemplate":"https:\/\/voltecautomacao.com.br\/?s={search_term_string}"},"query-input":{"@type":"PropertyValueSpecification","valueRequired":true,"valueName":"search_term_string"}}],"inLanguage":"pt-BR"},{"@type":"Organization","@id":"https:\/\/voltecautomacao.com.br\/#organization","name":"Voltec Empreendimentos Voltec Servi\u00e7os de Automa\u00e7\u00e3o Telecomunica\u00e7\u00e3o e Empreendimentos LTDA","alternateName":"Voltec Automa\u00e7\u00e3o","url":"https:\/\/voltecautomacao.com.br\/","logo":{"@type":"ImageObject","inLanguage":"pt-BR","@id":"https:\/\/voltecautomacao.com.br\/#\/schema\/logo\/image\/","url":"https:\/\/voltecautomacao.com.br\/wp-content\/uploads\/2022\/10\/Logo-1.png","contentUrl":"https:\/\/voltecautomacao.com.br\/wp-content\/uploads\/2022\/10\/Logo-1.png","width":457,"height":172,"caption":"Voltec Empreendimentos Voltec Servi\u00e7os de Automa\u00e7\u00e3o Telecomunica\u00e7\u00e3o e Empreendimentos LTDA"},"image":{"@id":"https:\/\/voltecautomacao.com.br\/#\/schema\/logo\/image\/"},"sameAs":["https:\/\/www.facebook.com\/voltecbandalarga\/","https:\/\/www.instagram.com\/voltecbandalarga\/"]}]}},"_links":{"self":[{"href":"https:\/\/voltecautomacao.com.br\/index.php?rest_route=\/wp\/v2\/pages\/453","targetHints":{"allow":["GET"]}}],"collection":[{"href":"https:\/\/voltecautomacao.com.br\/index.php?rest_route=\/wp\/v2\/pages"}],"about":[{"href":"https:\/\/voltecautomacao.com.br\/index.php?rest_route=\/wp\/v2\/types\/page"}],"author":[{"embeddable":true,"href":"https:\/\/voltecautomacao.com.br\/index.php?rest_route=\/wp\/v2\/users\/1"}],"replies":[{"embeddable":true,"href":"https:\/\/voltecautomacao.com.br\/index.php?rest_route=%2Fwp%2Fv2%2Fcomments&post=453"}],"version-history":[{"count":83,"href":"https:\/\/voltecautomacao.com.br\/index.php?rest_route=\/wp\/v2\/pages\/453\/revisions"}],"predecessor-version":[{"id":2143,"href":"https:\/\/voltecautomacao.com.br\/index.php?rest_route=\/wp\/v2\/pages\/453\/revisions\/2143"}],"wp:attachment":[{"href":"https:\/\/voltecautomacao.com.br\/index.php?rest_route=%2Fwp%2Fv2%2Fmedia&parent=453"}],"curies":[{"name":"wp","href":"https:\/\/api.w.org\/{rel}","templated":true}]}}