{"id":449,"date":"2022-10-31T22:14:28","date_gmt":"2022-10-31T22:14:28","guid":{"rendered":"https:\/\/voltecautomacao.com.br\/?page_id=449"},"modified":"2023-10-04T09:17:18","modified_gmt":"2023-10-04T12:17:18","slug":"quem-somos","status":"publish","type":"page","link":"https:\/\/voltecautomacao.com.br\/?page_id=449","title":{"rendered":"Quem Somos"},"content":{"rendered":"\t\t<div data-elementor-type=\"wp-page\" data-elementor-id=\"449\" class=\"elementor elementor-449\" data-elementor-post-type=\"page\">\n\t\t\t\t\t\t<section class=\"elementor-section elementor-top-section elementor-element elementor-element-8dd7ab8 elementor-section-boxed elementor-section-height-default elementor-section-height-default\" data-id=\"8dd7ab8\" data-element_type=\"section\" data-e-type=\"section\">\n\t\t\t\t\t\t<div class=\"elementor-container elementor-column-gap-default\">\n\t\t\t\t\t<div class=\"elementor-column elementor-col-100 elementor-top-column elementor-element elementor-element-21501b8\" data-id=\"21501b8\" data-element_type=\"column\" data-e-type=\"column\">\n\t\t\t<div class=\"elementor-widget-wrap elementor-element-populated\">\n\t\t\t\t\t\t<div class=\"elementor-element elementor-element-e29b2f1 elementor-widget elementor-widget-spacer\" data-id=\"e29b2f1\" data-element_type=\"widget\" data-e-type=\"widget\" data-widget_type=\"spacer.default\">\n\t\t\t\t\t\t\t<div class=\"elementor-spacer\">\n\t\t\t<div class=\"elementor-spacer-inner\"><\/div>\n\t\t<\/div>\n\t\t\t\t\t\t<\/div>\n\t\t\t\t\t<\/div>\n\t\t<\/div>\n\t\t\t\t\t<\/div>\n\t\t<\/section>\n\t\t\t\t<section class=\"elementor-section elementor-top-section elementor-element elementor-element-a0921c6 elementor-section-boxed elementor-section-height-default elementor-section-height-default\" data-id=\"a0921c6\" data-element_type=\"section\" data-e-type=\"section\">\n\t\t\t\t\t\t<div class=\"elementor-container elementor-column-gap-default\">\n\t\t\t\t\t<div class=\"elementor-column elementor-col-50 elementor-top-column elementor-element elementor-element-d2c11e5\" data-id=\"d2c11e5\" data-element_type=\"column\" data-e-type=\"column\">\n\t\t\t<div class=\"elementor-widget-wrap elementor-element-populated\">\n\t\t\t\t\t\t<div class=\"elementor-element elementor-element-ed70889 elementor-widget elementor-widget-image\" data-id=\"ed70889\" data-element_type=\"widget\" data-e-type=\"widget\" data-widget_type=\"image.default\">\n\t\t\t\t\t\t\t\t\t\t\t\t\t\t\t<img decoding=\"async\" src=\"https:\/\/voltecautomacao.com.br\/wp-content\/uploads\/2022\/10\/Logo-1.png\" title=\"Logo\" alt=\"Logo\" loading=\"lazy\" \/>\t\t\t\t\t\t\t\t\t\t\t\t\t\t\t<\/div>\n\t\t\t\t\t<\/div>\n\t\t<\/div>\n\t\t\t\t<div class=\"elementor-column elementor-col-50 elementor-top-column elementor-element elementor-element-9a32d25\" data-id=\"9a32d25\" data-element_type=\"column\" data-e-type=\"column\">\n\t\t\t<div class=\"elementor-widget-wrap elementor-element-populated\">\n\t\t\t\t\t\t<div class=\"elementor-element elementor-element-2c03429 elementor-widget elementor-widget-image-box\" data-id=\"2c03429\" data-element_type=\"widget\" data-e-type=\"widget\" data-widget_type=\"image-box.default\">\n\t\t\t\t\t<div class=\"elementor-image-box-wrapper\"><div class=\"elementor-image-box-content\"><h3 class=\"elementor-image-box-title\">Prazer Somos a Voltec<\/h3><p class=\"elementor-image-box-description\">O objetivo da nossa evolu\u00e7\u00e3o \u00e9 permanecer como ponto de refer\u00eancia\nna regi\u00e3o, al\u00e9m de promover a satisfa\u00e7\u00e3o dos nossos clientes.\nAperfei\u00e7oamento, informa\u00e7\u00e3o e tecnologia s\u00e3o nosso foco ao atend\u00ea-lo.\nPara tanto, todo o trabalho prestado \u00e9 feito com cortesia, dedica\u00e7\u00e3o e\nempenho. O compromisso da VOLTEC \u00e9 trabalhar com transpar\u00eancia,\ngarantindo um crescimento cont\u00ednuo e s\u00f3lido. Oferecemos servi\u00e7os de\nforma inovadora para suprir a necessidade dos nossos usu\u00e1rios individuais\ne corporativos para que estejam sempre conectados.<\/p><\/div><\/div>\t\t\t\t<\/div>\n\t\t\t\t\t<\/div>\n\t\t<\/div>\n\t\t\t\t\t<\/div>\n\t\t<\/section>\n\t\t\t\t<section class=\"elementor-section elementor-top-section elementor-element elementor-element-42cc062 elementor-section-boxed elementor-section-height-default elementor-section-height-default\" data-id=\"42cc062\" data-element_type=\"section\" data-e-type=\"section\">\n\t\t\t\t\t\t<div class=\"elementor-container elementor-column-gap-default\">\n\t\t\t\t\t<div class=\"elementor-column elementor-col-33 elementor-top-column elementor-element elementor-element-c4dcb2a\" data-id=\"c4dcb2a\" data-element_type=\"column\" data-e-type=\"column\">\n\t\t\t<div class=\"elementor-widget-wrap elementor-element-populated\">\n\t\t\t\t\t\t<div class=\"elementor-element elementor-element-38c8c64 elementor-widget elementor-widget-image-box\" data-id=\"38c8c64\" data-element_type=\"widget\" data-e-type=\"widget\" data-widget_type=\"image-box.default\">\n\t\t\t\t\t<div class=\"elementor-image-box-wrapper\"><div class=\"elementor-image-box-content\"><h3 class=\"elementor-image-box-title\">Miss\u00e3o<\/h3><p class=\"elementor-image-box-description\">Trazer internet de qualidade para todas as regi\u00f5es e conectar pessoas ao mundo digital levando informa\u00e7\u00e3o, educa\u00e7\u00e3o e entretenimento para todos.<\/p><\/div><\/div>\t\t\t\t<\/div>\n\t\t\t\t\t<\/div>\n\t\t<\/div>\n\t\t\t\t<div class=\"elementor-column elementor-col-33 elementor-top-column elementor-element elementor-element-fe87edb\" data-id=\"fe87edb\" data-element_type=\"column\" data-e-type=\"column\">\n\t\t\t<div class=\"elementor-widget-wrap elementor-element-populated\">\n\t\t\t\t\t\t<div class=\"elementor-element elementor-element-30686f8 elementor-widget elementor-widget-image-box\" data-id=\"30686f8\" data-element_type=\"widget\" data-e-type=\"widget\" data-widget_type=\"image-box.default\">\n\t\t\t\t\t<div class=\"elementor-image-box-wrapper\"><div class=\"elementor-image-box-content\"><h3 class=\"elementor-image-box-title\">Vis\u00e3o<\/h3><p class=\"elementor-image-box-description\">Ser reconhecido como o melhor provedor da regi\u00e3o, l\u00edder em Inova\u00e7\u00f5es tecnol\u00f3gicas na are\u00e1 da telecomunica\u00e7\u00f5es. Trazendo benef\u00edcios e gerando empregos para toda popula\u00e7\u00e3o.<\/p><\/div><\/div>\t\t\t\t<\/div>\n\t\t\t\t\t<\/div>\n\t\t<\/div>\n\t\t\t\t<div class=\"elementor-column elementor-col-33 elementor-top-column elementor-element elementor-element-4c1d1e5\" data-id=\"4c1d1e5\" data-element_type=\"column\" data-e-type=\"column\">\n\t\t\t<div class=\"elementor-widget-wrap elementor-element-populated\">\n\t\t\t\t\t\t<div class=\"elementor-element elementor-element-8036709 elementor-widget elementor-widget-image-box\" data-id=\"8036709\" data-element_type=\"widget\" data-e-type=\"widget\" data-widget_type=\"image-box.default\">\n\t\t\t\t\t<div class=\"elementor-image-box-wrapper\"><div class=\"elementor-image-box-content\"><h3 class=\"elementor-image-box-title\">Valores<\/h3><p class=\"elementor-image-box-description\">Trabalho \u00e9tico e transparente priorizando a satisfa\u00e7\u00e3o de nossos clientes e funcion\u00e1rios .<\/p><\/div><\/div>\t\t\t\t<\/div>\n\t\t\t\t\t<\/div>\n\t\t<\/div>\n\t\t\t\t\t<\/div>\n\t\t<\/section>\n\t\t\t\t<\/div>\n\t\t","protected":false},"excerpt":{"rendered":"<p>Prazer Somos a Voltec O objetivo da nossa evolu\u00e7\u00e3o \u00e9 permanecer como ponto de refer\u00eancia na regi\u00e3o, al\u00e9m de promover a satisfa\u00e7\u00e3o dos nossos clientes. Aperfei\u00e7oamento, informa\u00e7\u00e3o e tecnologia s\u00e3o nosso foco ao atend\u00ea-lo. Para tanto, todo o trabalho prestado \u00e9 feito com cortesia, dedica\u00e7\u00e3o e empenho. O compromisso da VOLTEC \u00e9 trabalhar com transpar\u00eancia, [&hellip;]<\/p>\n","protected":false},"author":1,"featured_media":0,"parent":0,"menu_order":0,"comment_status":"closed","ping_status":"closed","template":"","meta":{"footnotes":""},"class_list":["post-449","page","type-page","status-publish","hentry"],"yoast_head":"<!-- This site is optimized with the Yoast SEO plugin v27.2 - https:\/\/yoast.com\/product\/yoast-seo-wordpress\/ -->\n<title>Quem Somos - Voltec Banda Larga<\/title>\n<meta name=\"description\" content=\"Conhe\u00e7a nossa tragetoria de 11 anos conectando Campos dos goytacazes e regi\u00e3o com internet de qualidade e atendimento de exelencia\" \/>\n<meta name=\"robots\" content=\"index, follow, max-snippet:-1, max-image-preview:large, max-video-preview:-1\" \/>\n<link rel=\"canonical\" href=\"https:\/\/voltecautomacao.com.br\/?page_id=449\" \/>\n<meta property=\"og:locale\" content=\"pt_BR\" \/>\n<meta property=\"og:type\" content=\"article\" \/>\n<meta property=\"og:title\" content=\"Quem Somos - Voltec Banda Larga\" \/>\n<meta property=\"og:description\" content=\"Conhe\u00e7a nossa tragetoria de 11 anos conectando Campos dos goytacazes e regi\u00e3o com internet de qualidade e atendimento de exelencia\" \/>\n<meta property=\"og:url\" content=\"https:\/\/voltecautomacao.com.br\/?page_id=449\" \/>\n<meta property=\"og:site_name\" content=\"Voltec Banda Larga\" \/>\n<meta property=\"article:publisher\" content=\"https:\/\/www.facebook.com\/voltecbandalarga\/\" \/>\n<meta property=\"article:modified_time\" content=\"2023-10-04T12:17:18+00:00\" \/>\n<meta property=\"og:image\" content=\"https:\/\/voltecautomacao.com.br\/wp-content\/uploads\/2022\/10\/Logo-1.png\" \/>\n<meta name=\"twitter:card\" content=\"summary_large_image\" \/>\n<meta name=\"twitter:label1\" content=\"Est. tempo de leitura\" \/>\n\t<meta name=\"twitter:data1\" content=\"1 minuto\" \/>\n<script type=\"application\/ld+json\" class=\"yoast-schema-graph\">{\"@context\":\"https:\/\/schema.org\",\"@graph\":[{\"@type\":\"WebPage\",\"@id\":\"https:\/\/voltecautomacao.com.br\/?page_id=449\",\"url\":\"https:\/\/voltecautomacao.com.br\/?page_id=449\",\"name\":\"Quem Somos - Voltec Banda Larga\",\"isPartOf\":{\"@id\":\"https:\/\/voltecautomacao.com.br\/#website\"},\"primaryImageOfPage\":{\"@id\":\"https:\/\/voltecautomacao.com.br\/?page_id=449#primaryimage\"},\"image\":{\"@id\":\"https:\/\/voltecautomacao.com.br\/?page_id=449#primaryimage\"},\"thumbnailUrl\":\"https:\/\/voltecautomacao.com.br\/wp-content\/uploads\/2022\/10\/Logo-1.png\",\"datePublished\":\"2022-10-31T22:14:28+00:00\",\"dateModified\":\"2023-10-04T12:17:18+00:00\",\"description\":\"Conhe\u00e7a nossa tragetoria de 11 anos conectando Campos dos goytacazes e regi\u00e3o com internet de qualidade e atendimento de exelencia\",\"breadcrumb\":{\"@id\":\"https:\/\/voltecautomacao.com.br\/?page_id=449#breadcrumb\"},\"inLanguage\":\"pt-BR\",\"potentialAction\":[{\"@type\":\"ReadAction\",\"target\":[\"https:\/\/voltecautomacao.com.br\/?page_id=449\"]}]},{\"@type\":\"ImageObject\",\"inLanguage\":\"pt-BR\",\"@id\":\"https:\/\/voltecautomacao.com.br\/?page_id=449#primaryimage\",\"url\":\"https:\/\/voltecautomacao.com.br\/wp-content\/uploads\/2022\/10\/Logo-1.png\",\"contentUrl\":\"https:\/\/voltecautomacao.com.br\/wp-content\/uploads\/2022\/10\/Logo-1.png\",\"width\":457,\"height\":172},{\"@type\":\"BreadcrumbList\",\"@id\":\"https:\/\/voltecautomacao.com.br\/?page_id=449#breadcrumb\",\"itemListElement\":[{\"@type\":\"ListItem\",\"position\":1,\"name\":\"Home\",\"item\":\"https:\/\/voltecautomacao.com.br\/\"},{\"@type\":\"ListItem\",\"position\":2,\"name\":\"Quem Somos\"}]},{\"@type\":\"WebSite\",\"@id\":\"https:\/\/voltecautomacao.com.br\/#website\",\"url\":\"https:\/\/voltecautomacao.com.br\/\",\"name\":\"Voltec Banda Larga\",\"description\":\"Internet banda larga residencial e empresarial 100% fibra \u00f3ptica em Campos dos Goytacazes e S\u00e3o Jo\u00e3o da Barra-RJ\",\"publisher\":{\"@id\":\"https:\/\/voltecautomacao.com.br\/#organization\"},\"alternateName\":\"Voltec\",\"potentialAction\":[{\"@type\":\"SearchAction\",\"target\":{\"@type\":\"EntryPoint\",\"urlTemplate\":\"https:\/\/voltecautomacao.com.br\/?s={search_term_string}\"},\"query-input\":{\"@type\":\"PropertyValueSpecification\",\"valueRequired\":true,\"valueName\":\"search_term_string\"}}],\"inLanguage\":\"pt-BR\"},{\"@type\":\"Organization\",\"@id\":\"https:\/\/voltecautomacao.com.br\/#organization\",\"name\":\"Voltec Empreendimentos Voltec Servi\u00e7os de Automa\u00e7\u00e3o Telecomunica\u00e7\u00e3o e Empreendimentos LTDA\",\"alternateName\":\"Voltec Automa\u00e7\u00e3o\",\"url\":\"https:\/\/voltecautomacao.com.br\/\",\"logo\":{\"@type\":\"ImageObject\",\"inLanguage\":\"pt-BR\",\"@id\":\"https:\/\/voltecautomacao.com.br\/#\/schema\/logo\/image\/\",\"url\":\"https:\/\/voltecautomacao.com.br\/wp-content\/uploads\/2022\/10\/Logo-1.png\",\"contentUrl\":\"https:\/\/voltecautomacao.com.br\/wp-content\/uploads\/2022\/10\/Logo-1.png\",\"width\":457,\"height\":172,\"caption\":\"Voltec Empreendimentos Voltec Servi\u00e7os de Automa\u00e7\u00e3o Telecomunica\u00e7\u00e3o e Empreendimentos LTDA\"},\"image\":{\"@id\":\"https:\/\/voltecautomacao.com.br\/#\/schema\/logo\/image\/\"},\"sameAs\":[\"https:\/\/www.facebook.com\/voltecbandalarga\/\",\"https:\/\/www.instagram.com\/voltecbandalarga\/\"]}]}<\/script>\n<!-- \/ Yoast SEO plugin. -->","yoast_head_json":{"title":"Quem Somos - Voltec Banda Larga","description":"Conhe\u00e7a nossa tragetoria de 11 anos conectando Campos dos goytacazes e regi\u00e3o com internet de qualidade e atendimento de exelencia","robots":{"index":"index","follow":"follow","max-snippet":"max-snippet:-1","max-image-preview":"max-image-preview:large","max-video-preview":"max-video-preview:-1"},"canonical":"https:\/\/voltecautomacao.com.br\/?page_id=449","og_locale":"pt_BR","og_type":"article","og_title":"Quem Somos - Voltec Banda Larga","og_description":"Conhe\u00e7a nossa tragetoria de 11 anos conectando Campos dos goytacazes e regi\u00e3o com internet de qualidade e atendimento de exelencia","og_url":"https:\/\/voltecautomacao.com.br\/?page_id=449","og_site_name":"Voltec Banda Larga","article_publisher":"https:\/\/www.facebook.com\/voltecbandalarga\/","article_modified_time":"2023-10-04T12:17:18+00:00","og_image":[{"url":"https:\/\/voltecautomacao.com.br\/wp-content\/uploads\/2022\/10\/Logo-1.png","type":"","width":"","height":""}],"twitter_card":"summary_large_image","twitter_misc":{"Est. tempo de leitura":"1 minuto"},"schema":{"@context":"https:\/\/schema.org","@graph":[{"@type":"WebPage","@id":"https:\/\/voltecautomacao.com.br\/?page_id=449","url":"https:\/\/voltecautomacao.com.br\/?page_id=449","name":"Quem Somos - Voltec Banda Larga","isPartOf":{"@id":"https:\/\/voltecautomacao.com.br\/#website"},"primaryImageOfPage":{"@id":"https:\/\/voltecautomacao.com.br\/?page_id=449#primaryimage"},"image":{"@id":"https:\/\/voltecautomacao.com.br\/?page_id=449#primaryimage"},"thumbnailUrl":"https:\/\/voltecautomacao.com.br\/wp-content\/uploads\/2022\/10\/Logo-1.png","datePublished":"2022-10-31T22:14:28+00:00","dateModified":"2023-10-04T12:17:18+00:00","description":"Conhe\u00e7a nossa tragetoria de 11 anos conectando Campos dos goytacazes e regi\u00e3o com internet de qualidade e atendimento de exelencia","breadcrumb":{"@id":"https:\/\/voltecautomacao.com.br\/?page_id=449#breadcrumb"},"inLanguage":"pt-BR","potentialAction":[{"@type":"ReadAction","target":["https:\/\/voltecautomacao.com.br\/?page_id=449"]}]},{"@type":"ImageObject","inLanguage":"pt-BR","@id":"https:\/\/voltecautomacao.com.br\/?page_id=449#primaryimage","url":"https:\/\/voltecautomacao.com.br\/wp-content\/uploads\/2022\/10\/Logo-1.png","contentUrl":"https:\/\/voltecautomacao.com.br\/wp-content\/uploads\/2022\/10\/Logo-1.png","width":457,"height":172},{"@type":"BreadcrumbList","@id":"https:\/\/voltecautomacao.com.br\/?page_id=449#breadcrumb","itemListElement":[{"@type":"ListItem","position":1,"name":"Home","item":"https:\/\/voltecautomacao.com.br\/"},{"@type":"ListItem","position":2,"name":"Quem Somos"}]},{"@type":"WebSite","@id":"https:\/\/voltecautomacao.com.br\/#website","url":"https:\/\/voltecautomacao.com.br\/","name":"Voltec Banda Larga","description":"Internet banda larga residencial e empresarial 100% fibra \u00f3ptica em Campos dos Goytacazes e S\u00e3o Jo\u00e3o da Barra-RJ","publisher":{"@id":"https:\/\/voltecautomacao.com.br\/#organization"},"alternateName":"Voltec","potentialAction":[{"@type":"SearchAction","target":{"@type":"EntryPoint","urlTemplate":"https:\/\/voltecautomacao.com.br\/?s={search_term_string}"},"query-input":{"@type":"PropertyValueSpecification","valueRequired":true,"valueName":"search_term_string"}}],"inLanguage":"pt-BR"},{"@type":"Organization","@id":"https:\/\/voltecautomacao.com.br\/#organization","name":"Voltec Empreendimentos Voltec Servi\u00e7os de Automa\u00e7\u00e3o Telecomunica\u00e7\u00e3o e Empreendimentos LTDA","alternateName":"Voltec Automa\u00e7\u00e3o","url":"https:\/\/voltecautomacao.com.br\/","logo":{"@type":"ImageObject","inLanguage":"pt-BR","@id":"https:\/\/voltecautomacao.com.br\/#\/schema\/logo\/image\/","url":"https:\/\/voltecautomacao.com.br\/wp-content\/uploads\/2022\/10\/Logo-1.png","contentUrl":"https:\/\/voltecautomacao.com.br\/wp-content\/uploads\/2022\/10\/Logo-1.png","width":457,"height":172,"caption":"Voltec Empreendimentos Voltec Servi\u00e7os de Automa\u00e7\u00e3o Telecomunica\u00e7\u00e3o e Empreendimentos LTDA"},"image":{"@id":"https:\/\/voltecautomacao.com.br\/#\/schema\/logo\/image\/"},"sameAs":["https:\/\/www.facebook.com\/voltecbandalarga\/","https:\/\/www.instagram.com\/voltecbandalarga\/"]}]}},"_links":{"self":[{"href":"https:\/\/voltecautomacao.com.br\/index.php?rest_route=\/wp\/v2\/pages\/449","targetHints":{"allow":["GET"]}}],"collection":[{"href":"https:\/\/voltecautomacao.com.br\/index.php?rest_route=\/wp\/v2\/pages"}],"about":[{"href":"https:\/\/voltecautomacao.com.br\/index.php?rest_route=\/wp\/v2\/types\/page"}],"author":[{"embeddable":true,"href":"https:\/\/voltecautomacao.com.br\/index.php?rest_route=\/wp\/v2\/users\/1"}],"replies":[{"embeddable":true,"href":"https:\/\/voltecautomacao.com.br\/index.php?rest_route=%2Fwp%2Fv2%2Fcomments&post=449"}],"version-history":[{"count":47,"href":"https:\/\/voltecautomacao.com.br\/index.php?rest_route=\/wp\/v2\/pages\/449\/revisions"}],"predecessor-version":[{"id":1840,"href":"https:\/\/voltecautomacao.com.br\/index.php?rest_route=\/wp\/v2\/pages\/449\/revisions\/1840"}],"wp:attachment":[{"href":"https:\/\/voltecautomacao.com.br\/index.php?rest_route=%2Fwp%2Fv2%2Fmedia&parent=449"}],"curies":[{"name":"wp","href":"https:\/\/api.w.org\/{rel}","templated":true}]}}